{"id":43429,"date":"2021-11-24T14:24:47","date_gmt":"2021-11-24T13:24:47","guid":{"rendered":"https:\/\/web.demo.olimpia.iquii.info\/ticketing\/societa-ajp\/"},"modified":"2026-05-11T11:52:43","modified_gmt":"2026-05-11T09:52:43","slug":"societa-ajp","status":"publish","type":"page","link":"https:\/\/www.olimpiamilano.com\/en\/ticketing\/societa-ajp\/","title":{"rendered":"Societ\u00e0 AJP"},"content":{"rendered":"\n<p>Olimpia Milano ha il piacere di offrire a tutte le societ\u00e0 sportive registrate alla stagione 25\/26 di Armani Junior Program una <strong>convenzione per assistere alle partite casalinghe di EA7 Emporio Armani Olimpia Milano<\/strong> (presso l\u2019Unipol Forum di Assago in Via Giuseppe di Vittorio 6).<\/p>\n\n\n\n<p>Questa opportunit\u00e0 pu\u00f2 essere estesa non solo ai tesserati della societ\u00e0 ma anche a tutti gli amici, famigliari e conoscenti purch\u00e8 venga effettuata un&#8217;unica prenotazione a nome della societ\u00e0.<\/p>\n\n\n\n<blockquote class=\"wp-block-quote is-layout-flow wp-block-quote-is-layout-flow\">\n<p class=\"has-text-align-left\"><strong>ISCRIZIONE AJP 25\/26:<\/strong>&nbsp;<a href=\"https:\/\/www.olimpiamilano.com\/aperte-le-registrazioni-per-la-stagione-24-25-di-armani-junior-program-2\/\">clicca qui<\/a><\/p>\n<\/blockquote>\n\n\n\n<p><strong>TARIFFE<\/strong><\/p>\n\n\n\n<p>Le societ\u00e0 AJP potranno fare richiesta per i biglietti ad un costo promozionale di:<\/p>\n\n\n\n<p><strong>5 stelle:<\/strong> 14 euro (under 18) &#8211; 23 euro (adulti)<\/p>\n\n\n\n<p><strong>4 stelle:<\/strong> 10 euro (under 18) \u2013 14 euro (adulti)<\/p>\n\n\n\n<p><strong>3 stelle:<\/strong> 7 euro (under 18) \u2013 12 euro (adulti)<\/p>\n\n\n\n<p><strong>2 stelle:<\/strong> 6 euro (under 18) \u2013 10 euro (adulti)<\/p>\n\n\n\n<p><strong>1 stella:<\/strong> 5 euro (under 18) \u2013 7 euro (adulti)<\/p>\n\n\n\n<p>**I bambini fino a 6 anni compiuti non pagano il biglietto per cui non dovranno essere inseriti in lista e non avranno diritto al posto a sedere. Solamente se inseriti in lista e considerati under18 potranno usufruire del posto a sedere pagando il loro biglietto.<\/p>\n\n\n\n<p><\/p>\n\n\n\n<p><strong>ATTENZIONE: Ogni 10 bambini paganti 1 adulto accompagnatore sar\u00e0 omaggio<\/strong><\/p>\n\n\n\n<p><strong>BIGLIETTI NOMINALI<\/strong><\/p>\n\n\n\n<p>Dalla stagione 2025\/26 <strong>i biglietti saranno nominali anche per i gruppi<\/strong>.<br>Il gruppo richiedente i biglietti dovr\u00e0 fornire, al momento della prenotazione, la <strong>lista dei nominativi<\/strong> (cognome \u2013 nome \u2013 data di nascita \u2013 luogo di nascita \u2013 sesso \u2013 comune \u2013 nazione), che dovr\u00e0 essere <strong>richiesta all\u2019indirizzo <a>ajp@olimpiamilano.com<\/a><\/strong> e successivamente <strong>caricata obbligatoriamente in formato Excel<\/strong> nel form di prenotazione.<\/p>\n\n\n\n<p><strong>MODALITA&#8217; DI PRENOTAZIONE<\/strong><\/p>\n\n\n\n<p>Ogni Societ\u00e0 AJP potr\u00e0 compilare <strong>un\u2019unica richiesta di prenotazione per ogni partita<\/strong>, secondo le condizioni qui di seguito riportate, entro la dead-line indicata in fase di prenotazione.<\/p>\n\n\n\n<p>La prenotazione dovr\u00e0 avvenire compilando la \u201c<strong>scheda di prenotazione online<\/strong>\u201d a cui si accede dal LINK in fondo alla pagina o dalle newsletter AJP, indicando:<\/p>\n\n\n\n<p>Tipologia societ\u00e0 =&gt; \u201cSOCIETA&#8217; AJP\u201d;<\/p>\n\n\n\n<p>Denominazione Societ\u00e0;<\/p>\n\n\n\n<p>Dati del referente ritiro biglietti (nome-cognome-cellulare-mail);<\/p>\n\n\n\n<p>Numero biglietti Adulti;<\/p>\n\n\n\n<p>Numero biglietti Under18.<\/p>\n\n\n\n<p>Caricare la Lista Nominale<\/p>\n\n\n\n<p><strong>COLLOCAZIONE NEL PALAZZETTO<\/strong><\/p>\n\n\n\n<p>I biglietti saranno collocati in Curva AJP o settori limitrofi a seconda dell\u2019ordine di arrivo delle prenotazioni e del numero delle richieste.<\/p>\n\n\n\n<p><strong>MODALITA\u2019 DI PAGAMENTO<\/strong><\/p>\n\n\n\n<p><\/p>\n\n\n\n<p>I biglietti saranno trasmessi esclusivamente in formato digitale, secondo le modalit\u00e0 di seguito:<\/p>\n\n\n\n<ul class=\"wp-block-list\">\n<li><strong>Fino a 1.000 euro<\/strong>: Pagamento tramite carta di credito utilizzando PayByLink, con emissione di Biglietto Digitale.<\/li>\n<\/ul>\n\n\n\n<p><\/p>\n\n\n\n<p>Olimpia provveder\u00e0 a confermare la richiesta di prenotazione a seguito della quale vivaticket invier\u00e0 una mail con il link per&nbsp;completare il&nbsp;pagamento che avr\u00e0 una durata di 72h, al termine del quale scadr\u00e0 e non sar\u00e0 utilizzabile, e per cui il referente della societ\u00e0 dovr\u00e0 provvedere ad un unico pagamento.<\/p>\n\n\n\n<ul class=\"wp-block-list\">\n<li><strong>Oltre 1.000 euro:<\/strong> Pagamento tramite carta di credito utilizzando PayByLink, o tramite bonifico bancario, con emissione di Biglietto Digitale.<\/li>\n<\/ul>\n\n\n\n<p><\/p>\n\n\n\n<p>In caso di bonifico per poter ricevere i biglietti in formato elettronico dovr\u00e0 essere inviata la contabile di pagamento specificando la SOCIETA&#8217; o l&#8217;ISTITUTO e la PARTITA alla mail&nbsp;<a href=\"mailto:ticketing@olimpiamilano.com\">ticketing@olimpiamilano.com<\/a>&nbsp;entro la mattina del giorno dell&#8217;evento.<\/p>\n\n\n\n<p><\/p>\n\n\n\n<p><strong>Molto importante:<\/strong><\/p>\n\n\n\n<ul class=\"wp-block-list\">\n<li>Per ogni operazione di pagamento, non sar\u00e0 possibile emettere fattura per la parte relativa ai biglietti.<\/li>\n\n\n\n<li>L\u2019 importo fatturabile e fatturato al momento del pagamento sar\u00e0 relativo alle commissioni di servizio Vivaticket.<\/li>\n\n\n\n<li>Non saranno accettate modalit\u00e0 di pagamento diverse da quelle indicate.<\/li>\n\n\n\n<li>Il biglietto tradizionale cartaceo ed il ritiro in cassa non sar\u00e0 pi\u00f9 disponibile.<\/li>\n<\/ul>\n\n\n\n<p><\/p>\n\n\n\n<p><strong>TIFOSI DISABILI<\/strong><\/p>\n\n\n\n<p>La Societ\u00e0 Olimpia Milano prevede per i gruppi di TIFOSI DIVERSAMENTE ABILI la possibilit\u00e0 di accedere alle partite previa richiesta di apposita compilazione nel format di prenotazione alla voce \u201c diversamente abili deambulanti e non deambulanti\u201d.<\/p>\n\n\n\n<p>Per le <strong>singole richieste<\/strong> fare riferimento alla richiesta di ACCREDITO R.A.D: <a href=\"https:\/\/www.olimpiamilano.com\/en\/ticketing\/accredito-rad\/\">https:\/\/www.olimpiamilano.com\/ticketing\/accredito-rad\/<\/a><\/p>\n\n\n\n<p>Si specifica che le richieste R.A.D sono vincolate al numero posti disponibili per ogni singola partita.<\/p>\n\n\n\n<p>Per le <strong>richieste di gruppi<\/strong>, <strong>minimo 10 persone<\/strong>, fare riferimento a quanto segue:<\/p>\n\n\n\n<ul class=\"wp-block-list\">\n<li>Esclusivamente per i tifosi diversamente abili non deambulanti il biglietto sar\u00e0 omaggio insieme a quello di un solo accompagnatore. Olimpia contegger\u00e0&nbsp;in automatico l\u2019accompagnatore e provveder\u00e0 al collocamento secondo la disposizione prevista.<\/li>\n\n\n\n<li>Per i tifosi R.A.F e diversamente abili deambulanti e i loro accompagnatori il costo del biglietto sar\u00e0 il prezzo ridotto ed ogni 5 tifosi R.A.F o diversamente abili deambulanti 1 accompagnatore sar\u00e0 omaggio.<\/li>\n\n\n\n<li>I posti riservati alle persone diversamente abili non deambulanti sono, per ragioni di sicurezza e accessibilit\u00e0, specifici per le esigenze di circolazione delle carrozzine all\u2019interno del palazzo.<\/li>\n\n\n\n<li>Il solo biglietto ordinario non consente l\u2019ingresso dei tifosi in carrozzina, pertanto si sottolinea che il regolare acquisto di un qualsiasi tagliando non permette l\u2019accesso alla struttura.<\/li>\n\n\n\n<li><strong>L\u2019accettazione delle richieste per i gruppi di tifosi R.A.F  e diversamente abili sono vincolate e limitate al numero di posti disponibili per ogni singola partita.<\/strong><\/li>\n\n\n\n<li>Si ricorda che l\u2019accredito viene emesso a seguito della presentazione di una documentazione che certifichi la disabilit\u00e0 o la fragilit\u00e0 dell\u2019utente.<\/li>\n<\/ul>\n\n\n\n<p><\/p>\n\n\n\n<p><strong>ACCESSO ALL&#8217;IMPIANTO<\/strong><\/p>\n\n\n\n<p>Per l\u2019accesso all\u2019Impianto Sportivo \u00e8 richiesto il possesso di un documento di identit\u00e0 valido, da esibire su richiesta degli steward o degli addetti alla sicurezza. Gli steward e\/o gli addetti al servizio di sicurezza sono autorizzati a verificare la corrispondenza tra la tariffa applicata (adulti\/minori)&nbsp;ed il possessore del titolo di accesso.<\/p>\n\n\n\n<p>Si rimanda al seguente link per il <strong>regolamento dell\u2019uso e dell\u2019accesso <\/strong>dell\u2019impianto sportivo:&nbsp;<a href=\"https:\/\/www.olimpiamilano.com\/en\/societa\/regolamento\/\">https:\/\/www.olimpiamilano.com\/societa\/regolamento\/<\/a><\/p>\n\n\n\n<p>Si rimanda al seguente link per il<strong> regolamento di accesso disabili <\/strong>all\u2019impianto: <a href=\"https:\/\/www.olimpiamilano.com\/en\/ticketing\/accredito-rad\/\">https:\/\/www.olimpiamilano.com\/ticketing\/accredito-rad\/<\/a><\/p>\n\n\n\n<p><strong>ATTENZIONE<\/strong>: in questa stagione per tutte le partite a 4 \u2013 5 \u2013 6 stelle Olimpia si riserver\u00e0 di stabilire un numero massimo di prenotazioni per societ\u00e0 per accogliere il maggior numero di societ\u00e0 possibile.<\/p>\n\n\n\n<p><strong>CRITERI DI ACCETTAZIONE DELLE PRENOTAZIONI<\/strong><\/p>\n\n\n\n<p>Le prenotazioni verranno considerate secondo i seguenti criteri:<\/p>\n\n\n\n<ol class=\"wp-block-list\">\n<li>Ordine di invio della prenotazione;<\/li>\n\n\n\n<li>Precedenza Olimpia Academy<\/li>\n\n\n\n<li>Precedenza societ\u00e0 AJP<\/li>\n\n\n\n<li>Precedenza Istituti Scolastici &#8211; Societ\u00e0 generiche<\/li>\n\n\n\n<li>Richieste pi\u00f9 numerose avranno precedenza su quelle meno numerose;<\/li>\n<\/ol>\n\n\n\n<p><\/p>\n\n\n\n<ul class=\"wp-block-list\">\n<li>NON SI ACCETTANO PRENOTAZIONI INFERIORI ALLE <strong>10 PERSONE<\/strong><\/li>\n\n\n\n<li>NON SI ACCETTANO PRENOTAZIONI <strong>SENZA MINORI<\/strong> (solo per le partite di LBA)<\/li>\n\n\n\n<li>NON SI ACCETTANO MODIFICHE DOPO L\u2019INVIO DELLA LISTA DI PRENOTAZIONE<\/li>\n<\/ul>\n\n\n\n<p><\/p>\n\n\n\n<h2 class=\"wp-block-heading\">EVENTI ATTIVI<\/h2>\n\n\n\n<ul class=\"wp-block-list\">\n<li>Serie A (UNIPOL FORUM) \u2013 sabato 16 maggio 2026 \u2013 Playoff Quarti Gara 1 &#8211; EA7 Emporio Armani Milano vs Reggio Emilia <em>(stelle 2)<\/em> \u2013 ore 18.30 \u2013 deadline: gioved\u00ec 14 maggio alle ore 11.00 \u2013 prezzo: 6 euro (minori) \u2013 10 euro (adulti)<\/li>\n\n\n\n<li>Serie A (UNIPOL FORUM) \u2013 luned\u00ec 18 maggio 2026 \u2013 Playoff Quarti Gara 2 &#8211; EA7 Emporio Armani Milano vs Reggio Emilia <em>(stelle 2)<\/em> \u2013 ore 20.45 \u2013 deadline: venerd\u00ec 15 maggio alle ore 11.00 \u2013 prezzo: 6 euro (minori) \u2013 10 euro (adulti)<\/li>\n\n\n\n<li>Serie A (UNIPOL FORUM) \u2013 luned\u00ec 25 maggio 2026 \u2013 Playoff Quarti Gara 5 &#8211; EA7 Emporio Armani Milano vs Reggio Emilia <em>(stelle 2)<\/em> \u2013 ore da confermare \u2013 deadline: venerd\u00ec 22 maggio alle ore 11.00 \u2013 prezzo: 6 euro (minori) \u2013 10 euro (adulti)<\/li>\n<\/ul>\n\n\n\n<p><strong>SCARICA LA LISTA DEI NOMIMATIVI:<\/strong> <a href=\"https:\/\/shorturl.at\/WiYsy\">https:\/\/shorturl.at\/WiYsy<\/a><\/p>\n\n\n\n<p><\/p>\n\n\n\n<p><strong>(**) ATTENZIONE: la lista dei biglietti nominativi dovr\u00e0 essere caricata all&#8217;atto della prenotazione, obbligatoriamente in formato excel, come da regolamento<\/strong>.<\/p>\n\n\n\n<p><\/p>\n\n\n\n<p><strong>CALENDARIO STAGIONE:<\/strong> <a href=\"https:\/\/www.olimpiamilano.com\/en\/stagione\/\">https:\/\/www.olimpiamilano.com\/stagione\/<\/a><\/p>\n\n\n\n<figure class=\"wp-block-pullquote\"><blockquote><p><a href=\"https:\/\/form.jotform.com\/232492510333347\"><strong>PRENOTA QUI I TUOI BIGLIETTI<\/strong><\/a><\/p><\/blockquote><\/figure>\n\n\n\n<p>Vi ringraziamo per il vostro continuo sostegno e caloroso tifo.<\/p>\n\n\n\n<p><\/p>\n\n\n\n<figure class=\"wp-block-image size-large\"><img loading=\"lazy\" decoding=\"async\" width=\"1024\" height=\"576\" src=\"https:\/\/cdn-assets.olimpiamilano.com\/wp-content\/uploads\/2023\/09\/mappa-1024x576.png\" alt=\"\" class=\"wp-image-56092\" srcset=\"https:\/\/cdn-assets.olimpiamilano.com\/wp-content\/uploads\/2023\/09\/mappa-1024x576.png 1024w, https:\/\/cdn-assets.olimpiamilano.com\/wp-content\/uploads\/2023\/09\/mappa-300x169.png 300w, https:\/\/cdn-assets.olimpiamilano.com\/wp-content\/uploads\/2023\/09\/mappa-768x432.png 768w, https:\/\/cdn-assets.olimpiamilano.com\/wp-content\/uploads\/2023\/09\/mappa-1200x675.png 1200w, https:\/\/cdn-assets.olimpiamilano.com\/wp-content\/uploads\/2023\/09\/mappa-800x450.png 800w, https:\/\/cdn-assets.olimpiamilano.com\/wp-content\/uploads\/2023\/09\/mappa.png 1472w\" sizes=\"auto, (max-width: 1024px) 100vw, 1024px\" \/><\/figure>\n","protected":false},"excerpt":{"rendered":"<p>Olimpia Milano ha il piacere di offrire a tutte le societ\u00e0 sportive registrate alla stagione 25\/26 di Armani Junior Program una convenzione per assistere alle partite casalinghe di EA7 Emporio Armani Olimpia Milano (presso l\u2019Unipol Forum di Assago in Via Giuseppe di Vittorio 6). Questa opportunit\u00e0 pu\u00f2 essere estesa non solo ai tesserati della societ\u00e0 [&hellip;]<\/p>\n","protected":false},"author":1,"featured_media":0,"parent":32466,"menu_order":0,"comment_status":"closed","ping_status":"closed","template":"template-standard.php","meta":{"footnotes":""},"class_list":["post-43429","page","type-page","status-publish","hentry"],"acf":[],"yoast_head":"<!-- This site is optimized with the Yoast SEO plugin v27.4 - https:\/\/yoast.com\/product\/yoast-seo-wordpress\/ -->\n<title>Societ\u00e0 AJP - Pallacanestro Olimpia Milano<\/title>\n<meta name=\"description\" content=\"Olimpia Milano ha il piacere di offrire a tutte le societ\u00e0 sportive registrate alla stagione 25\/26 di Armani Junior Program una convenzione per assistere alle p\" \/>\n<meta name=\"robots\" content=\"index, follow, max-snippet:-1, max-image-preview:large, max-video-preview:-1\" \/>\n<link rel=\"canonical\" href=\"https:\/\/www.olimpiamilano.com\/en\/ticketing\/societa-ajp\/\" \/>\n<meta property=\"og:locale\" content=\"en_US\" \/>\n<meta property=\"og:type\" content=\"article\" \/>\n<meta property=\"og:title\" content=\"Societ\u00e0 AJP - Pallacanestro Olimpia Milano\" \/>\n<meta property=\"og:description\" content=\"Olimpia Milano ha il piacere di offrire a tutte le societ\u00e0 sportive registrate alla stagione 25\/26 di Armani Junior Program una convenzione per assistere alle partite casalinghe di EA7 Emporio Armani Olimpia Milano (presso l\u2019Unipol Forum di Assago in Via Giuseppe di Vittorio 6). Questa opportunit\u00e0 pu\u00f2 essere estesa non solo ai tesserati della societ\u00e0 [&hellip;]\" \/>\n<meta property=\"og:url\" content=\"https:\/\/www.olimpiamilano.com\/en\/ticketing\/societa-ajp\/\" \/>\n<meta property=\"og:site_name\" content=\"Pallacanestro Olimpia Milano\" \/>\n<meta property=\"article:modified_time\" content=\"2026-05-11T09:52:43+00:00\" \/>\n<meta property=\"og:image\" content=\"https:\/\/cdn-assets.olimpiamilano.com\/wp-content\/uploads\/2023\/09\/mappa.png\" \/>\n\t<meta property=\"og:image:width\" content=\"1472\" \/>\n\t<meta property=\"og:image:height\" content=\"828\" \/>\n\t<meta property=\"og:image:type\" content=\"image\/png\" \/>\n<meta name=\"twitter:card\" content=\"summary_large_image\" \/>\n<meta name=\"twitter:label1\" content=\"Est. reading time\" \/>\n\t<meta name=\"twitter:data1\" content=\"6 minutes\" \/>\n<script type=\"application\/ld+json\" class=\"yoast-schema-graph\">{\"@context\":\"https:\\\/\\\/schema.org\",\"@graph\":[{\"@type\":\"WebPage\",\"@id\":\"https:\\\/\\\/www.olimpiamilano.com\\\/en\\\/ticketing\\\/societa-ajp\\\/\",\"url\":\"https:\\\/\\\/www.olimpiamilano.com\\\/en\\\/ticketing\\\/societa-ajp\\\/\",\"name\":\"Societ\u00e0 AJP - Pallacanestro Olimpia Milano\",\"isPartOf\":{\"@id\":\"https:\\\/\\\/www.olimpiamilano.com\\\/#website\"},\"primaryImageOfPage\":{\"@id\":\"https:\\\/\\\/www.olimpiamilano.com\\\/en\\\/ticketing\\\/societa-ajp\\\/#primaryimage\"},\"image\":{\"@id\":\"https:\\\/\\\/www.olimpiamilano.com\\\/en\\\/ticketing\\\/societa-ajp\\\/#primaryimage\"},\"thumbnailUrl\":\"https:\\\/\\\/cdn-assets.olimpiamilano.com\\\/wp-content\\\/uploads\\\/2023\\\/09\\\/mappa-1024x576.png\",\"datePublished\":\"2021-11-24T13:24:47+00:00\",\"dateModified\":\"2026-05-11T09:52:43+00:00\",\"breadcrumb\":{\"@id\":\"https:\\\/\\\/www.olimpiamilano.com\\\/en\\\/ticketing\\\/societa-ajp\\\/#breadcrumb\"},\"inLanguage\":\"en-US\",\"potentialAction\":[{\"@type\":\"ReadAction\",\"target\":[\"https:\\\/\\\/www.olimpiamilano.com\\\/en\\\/ticketing\\\/societa-ajp\\\/\"]}]},{\"@type\":\"ImageObject\",\"inLanguage\":\"en-US\",\"@id\":\"https:\\\/\\\/www.olimpiamilano.com\\\/en\\\/ticketing\\\/societa-ajp\\\/#primaryimage\",\"url\":\"https:\\\/\\\/cdn-assets.olimpiamilano.com\\\/wp-content\\\/uploads\\\/2023\\\/09\\\/mappa-1024x576.png\",\"contentUrl\":\"https:\\\/\\\/cdn-assets.olimpiamilano.com\\\/wp-content\\\/uploads\\\/2023\\\/09\\\/mappa-1024x576.png\"},{\"@type\":\"BreadcrumbList\",\"@id\":\"https:\\\/\\\/www.olimpiamilano.com\\\/en\\\/ticketing\\\/societa-ajp\\\/#breadcrumb\",\"itemListElement\":[{\"@type\":\"ListItem\",\"position\":1,\"name\":\"Home\",\"item\":\"https:\\\/\\\/www.olimpiamilano.com\\\/en\\\/\"},{\"@type\":\"ListItem\",\"position\":2,\"name\":\"Ticketing\",\"item\":\"https:\\\/\\\/www.olimpiamilano.com\\\/en\\\/ticketing\\\/\"},{\"@type\":\"ListItem\",\"position\":3,\"name\":\"Societ\u00e0 AJP\"}]},{\"@type\":\"WebSite\",\"@id\":\"https:\\\/\\\/www.olimpiamilano.com\\\/#website\",\"url\":\"https:\\\/\\\/www.olimpiamilano.com\\\/\",\"name\":\"Pallacanestro Olimpia Milano\",\"description\":\"\",\"potentialAction\":[{\"@type\":\"SearchAction\",\"target\":{\"@type\":\"EntryPoint\",\"urlTemplate\":\"https:\\\/\\\/www.olimpiamilano.com\\\/?s={search_term_string}\"},\"query-input\":{\"@type\":\"PropertyValueSpecification\",\"valueRequired\":true,\"valueName\":\"search_term_string\"}}],\"inLanguage\":\"en-US\"}]}<\/script>\n<!-- \/ Yoast SEO plugin. -->","yoast_head_json":{"title":"Societ\u00e0 AJP - Pallacanestro Olimpia Milano","description":"Olimpia Milano ha il piacere di offrire a tutte le societ\u00e0 sportive registrate alla stagione 25\/26 di Armani Junior Program una convenzione per assistere alle p","robots":{"index":"index","follow":"follow","max-snippet":"max-snippet:-1","max-image-preview":"max-image-preview:large","max-video-preview":"max-video-preview:-1"},"canonical":"https:\/\/www.olimpiamilano.com\/en\/ticketing\/societa-ajp\/","og_locale":"en_US","og_type":"article","og_title":"Societ\u00e0 AJP - Pallacanestro Olimpia Milano","og_description":"Olimpia Milano ha il piacere di offrire a tutte le societ\u00e0 sportive registrate alla stagione 25\/26 di Armani Junior Program una convenzione per assistere alle partite casalinghe di EA7 Emporio Armani Olimpia Milano (presso l\u2019Unipol Forum di Assago in Via Giuseppe di Vittorio 6). Questa opportunit\u00e0 pu\u00f2 essere estesa non solo ai tesserati della societ\u00e0 [&hellip;]","og_url":"https:\/\/www.olimpiamilano.com\/en\/ticketing\/societa-ajp\/","og_site_name":"Pallacanestro Olimpia Milano","article_modified_time":"2026-05-11T09:52:43+00:00","og_image":[{"width":1472,"height":828,"url":"https:\/\/cdn-assets.olimpiamilano.com\/wp-content\/uploads\/2023\/09\/mappa.png","type":"image\/png"}],"twitter_card":"summary_large_image","twitter_misc":{"Est. reading time":"6 minutes"},"schema":{"@context":"https:\/\/schema.org","@graph":[{"@type":"WebPage","@id":"https:\/\/www.olimpiamilano.com\/en\/ticketing\/societa-ajp\/","url":"https:\/\/www.olimpiamilano.com\/en\/ticketing\/societa-ajp\/","name":"Societ\u00e0 AJP - Pallacanestro Olimpia Milano","isPartOf":{"@id":"https:\/\/www.olimpiamilano.com\/#website"},"primaryImageOfPage":{"@id":"https:\/\/www.olimpiamilano.com\/en\/ticketing\/societa-ajp\/#primaryimage"},"image":{"@id":"https:\/\/www.olimpiamilano.com\/en\/ticketing\/societa-ajp\/#primaryimage"},"thumbnailUrl":"https:\/\/cdn-assets.olimpiamilano.com\/wp-content\/uploads\/2023\/09\/mappa-1024x576.png","datePublished":"2021-11-24T13:24:47+00:00","dateModified":"2026-05-11T09:52:43+00:00","breadcrumb":{"@id":"https:\/\/www.olimpiamilano.com\/en\/ticketing\/societa-ajp\/#breadcrumb"},"inLanguage":"en-US","potentialAction":[{"@type":"ReadAction","target":["https:\/\/www.olimpiamilano.com\/en\/ticketing\/societa-ajp\/"]}]},{"@type":"ImageObject","inLanguage":"en-US","@id":"https:\/\/www.olimpiamilano.com\/en\/ticketing\/societa-ajp\/#primaryimage","url":"https:\/\/cdn-assets.olimpiamilano.com\/wp-content\/uploads\/2023\/09\/mappa-1024x576.png","contentUrl":"https:\/\/cdn-assets.olimpiamilano.com\/wp-content\/uploads\/2023\/09\/mappa-1024x576.png"},{"@type":"BreadcrumbList","@id":"https:\/\/www.olimpiamilano.com\/en\/ticketing\/societa-ajp\/#breadcrumb","itemListElement":[{"@type":"ListItem","position":1,"name":"Home","item":"https:\/\/www.olimpiamilano.com\/en\/"},{"@type":"ListItem","position":2,"name":"Ticketing","item":"https:\/\/www.olimpiamilano.com\/en\/ticketing\/"},{"@type":"ListItem","position":3,"name":"Societ\u00e0 AJP"}]},{"@type":"WebSite","@id":"https:\/\/www.olimpiamilano.com\/#website","url":"https:\/\/www.olimpiamilano.com\/","name":"Pallacanestro Olimpia Milano","description":"","potentialAction":[{"@type":"SearchAction","target":{"@type":"EntryPoint","urlTemplate":"https:\/\/www.olimpiamilano.com\/?s={search_term_string}"},"query-input":{"@type":"PropertyValueSpecification","valueRequired":true,"valueName":"search_term_string"}}],"inLanguage":"en-US"}]}},"_links":{"self":[{"href":"https:\/\/www.olimpiamilano.com\/en\/wp-json\/wp\/v2\/pages\/43429","targetHints":{"allow":["GET"]}}],"collection":[{"href":"https:\/\/www.olimpiamilano.com\/en\/wp-json\/wp\/v2\/pages"}],"about":[{"href":"https:\/\/www.olimpiamilano.com\/en\/wp-json\/wp\/v2\/types\/page"}],"author":[{"embeddable":true,"href":"https:\/\/www.olimpiamilano.com\/en\/wp-json\/wp\/v2\/users\/1"}],"replies":[{"embeddable":true,"href":"https:\/\/www.olimpiamilano.com\/en\/wp-json\/wp\/v2\/comments?post=43429"}],"version-history":[{"count":136,"href":"https:\/\/www.olimpiamilano.com\/en\/wp-json\/wp\/v2\/pages\/43429\/revisions"}],"predecessor-version":[{"id":121192,"href":"https:\/\/www.olimpiamilano.com\/en\/wp-json\/wp\/v2\/pages\/43429\/revisions\/121192"}],"up":[{"embeddable":true,"href":"https:\/\/www.olimpiamilano.com\/en\/wp-json\/wp\/v2\/pages\/32466"}],"wp:attachment":[{"href":"https:\/\/www.olimpiamilano.com\/en\/wp-json\/wp\/v2\/media?parent=43429"}],"curies":[{"name":"wp","href":"https:\/\/api.w.org\/{rel}","templated":true}]}}