{"id":32443,"date":"2021-10-19T05:07:54","date_gmt":"2021-10-19T09:07:54","guid":{"rendered":"https:\/\/web.demo.olimpia.iquii.info\/basket-for-good\/"},"modified":"2023-09-15T14:26:15","modified_gmt":"2023-09-15T12:26:15","slug":"basket-for-good","status":"publish","type":"page","link":"https:\/\/www.olimpiamilano.com\/en\/olimpia-csr-euroleague\/basket-for-good\/","title":{"rendered":"Basket for Good"},"content":{"rendered":"\n<figure class=\"wp-block-image size-large\"><img loading=\"lazy\" decoding=\"async\" width=\"1024\" height=\"683\" src=\"https:\/\/cdn-assets.olimpiamilano.com\/wp-content\/uploads\/2023\/09\/282_N1A3106-1-1024x683.jpg\" alt=\"\" class=\"wp-image-55712\" srcset=\"https:\/\/cdn-assets.olimpiamilano.com\/wp-content\/uploads\/2023\/09\/282_N1A3106-1-1024x683.jpg 1024w, https:\/\/cdn-assets.olimpiamilano.com\/wp-content\/uploads\/2023\/09\/282_N1A3106-1-300x200.jpg 300w, https:\/\/cdn-assets.olimpiamilano.com\/wp-content\/uploads\/2023\/09\/282_N1A3106-1-768x512.jpg 768w, https:\/\/cdn-assets.olimpiamilano.com\/wp-content\/uploads\/2023\/09\/282_N1A3106-1-1536x1024.jpg 1536w, https:\/\/cdn-assets.olimpiamilano.com\/wp-content\/uploads\/2023\/09\/282_N1A3106-1-2048x1365.jpg 2048w, https:\/\/cdn-assets.olimpiamilano.com\/wp-content\/uploads\/2023\/09\/282_N1A3106-1-1200x800.jpg 1200w, https:\/\/cdn-assets.olimpiamilano.com\/wp-content\/uploads\/2023\/09\/282_N1A3106-1-800x533.jpg 800w\" sizes=\"auto, (max-width: 1024px) 100vw, 1024px\" \/><figcaption class=\"wp-element-caption\">One Team Special Game\nMilano, 03\/03\/2023\nFoto AlessiaDoniselli \/ Ciamillo-Castoria<\/figcaption><\/figure>\n\n\n\n<p>L&#8217;Olimpia anche nella stagione 2022\/23 ha collaborato con Laureus Sport for Good Italia, organizzando sessioni di allenamento che hanno coinvolto pi\u00f9 di 100 ragazzi. Queste sessioni oltre a determinare un grande impatto sui partecipanti hanno ricevuto un imponente copertura mediatica con 22 contenuti realizzati per spiegare il progetto e le sue ramificazioni. Inoltre, l&#8217;Olimpia, con il supporto del proprio partner &#8220;Scalo Milano Outlet and More&#8221;, ha creato numerose attivit\u00e0 collaterali a sostegno del progetto utilizzando l&#8217;impegno senza precedenti dei due ambasciatori One Team, Kyle Hines e Gigi Datome. Il programma curato da Olimpia in collaborazione con\u00a0Laureus per conto di EuroLeague \u00e8 giunto oramai alla quinto anno di collaborazione. Anche quest\u2019anno a scendere in campo sono 7 prime medie dell\u2019Istituto Arcadia di Gratosoglio. Le classi parteciperanno a tre incontri formativi della durata di un\u2019ora legati a tre importanti life skills: l\u2019importanza della squadra, rispetto e sostenibilit\u00e0. Ancora una volta a gestire il tutto il personale di One Team. Accanto agli allenatori dell\u2019Olimpia Milano ci sar\u00e0 la psicologa dello sport di Laureus Italia. Attraverso dei giochi proposti dal team Olimpia e Laureus, i ragazzi non scoprono solo la pallacanestro ma diverse life skills che possono essere d\u2019aiuto e usate tutti i giorni. Alla seconda fase del progetto hanno, invece, preso parte <strong>20 ragazzi delle classi prime dell\u2019istituto Arcadia di Milano.<\/strong>\u00a0\u00a0Negli 8 incontri, da un\u2019ora e mezza ciascuno, si parler\u00e0 di identit\u00e0 di gruppo, comunicazione e gestione emotiva. Tre importanti life skills che verranno trattate in tre diverse fasi. \u00a0In ciascuna di queste un obiettivo tecnico verr\u00e0 associato ad uno One Team. Ogni allenamento verr\u00e0 gestito direttamente dai coach e potranno vedere la partecipazione straordinaria di una guest star e talvolta il supporto della psicologa di Laureus. \u00a0<\/p>\n\n\n\n<p><strong>ONE TEAM<\/strong> One Team, sostenuto da Turkish Airlines in qualit\u00e0 di Partner&nbsp;fondatore di One Team e con la collaborazione di Special Olympics in qualit\u00e0 di Proud Partner, utilizza la pallacanestro per ottenere un reale impatto sociale nelle nostre comunit\u00e0. Con un modello innovativo di interconnessione in un intero continente, Euroleague Basketball e i suoi club hanno sviluppato un programma completo di CSR che riunisce le attivit\u00e0 di ogni squadra in modo integrato e d\u2019impatto, lavorando sotto il tema dell\u2019integrazione della comunit\u00e0 che risponde attivamente agli obiettivi dell\u2019Obiettivo 10 di Sviluppo Sostenibile delle Nazioni Unite (sulla riduzione delle disuguaglianze).<\/p>\n","protected":false},"excerpt":{"rendered":"<p>L&#8217;Olimpia anche nella stagione 2022\/23 ha collaborato con Laureus Sport for Good Italia, organizzando sessioni di allenamento che hanno coinvolto pi\u00f9 di 100 ragazzi. Queste sessioni oltre a determinare un grande impatto sui partecipanti hanno ricevuto un imponente copertura mediatica con 22 contenuti realizzati per spiegare il progetto e le sue ramificazioni. Inoltre, l&#8217;Olimpia, con [&hellip;]<\/p>\n","protected":false},"author":1,"featured_media":55713,"parent":32445,"menu_order":89,"comment_status":"closed","ping_status":"closed","template":"template-standard.php","meta":{"footnotes":""},"class_list":["post-32443","page","type-page","status-publish","has-post-thumbnail","hentry"],"acf":[],"yoast_head":"<!-- This site is optimized with the Yoast SEO plugin v27.4 - https:\/\/yoast.com\/product\/yoast-seo-wordpress\/ -->\n<title>Basket for Good - Pallacanestro Olimpia Milano<\/title>\n<meta name=\"description\" content=\"One Team Special Game Milano, 03\/03\/2023 Foto AlessiaDoniselli \/ Ciamillo-Castoria   L&#039;Olimpia anche nella stagione 2022\/23 ha collaborato con Laureus Sport for\" \/>\n<meta name=\"robots\" content=\"index, follow, max-snippet:-1, max-image-preview:large, max-video-preview:-1\" \/>\n<link rel=\"canonical\" href=\"https:\/\/www.olimpiamilano.com\/en\/olimpia-csr-euroleague\/basket-for-good\/\" \/>\n<meta property=\"og:locale\" content=\"en_US\" \/>\n<meta property=\"og:type\" content=\"article\" \/>\n<meta property=\"og:title\" content=\"Basket for Good - Pallacanestro Olimpia Milano\" \/>\n<meta property=\"og:description\" content=\"L&#8217;Olimpia anche nella stagione 2022\/23 ha collaborato con Laureus Sport for Good Italia, organizzando sessioni di allenamento che hanno coinvolto pi\u00f9 di 100 ragazzi. Queste sessioni oltre a determinare un grande impatto sui partecipanti hanno ricevuto un imponente copertura mediatica con 22 contenuti realizzati per spiegare il progetto e le sue ramificazioni. Inoltre, l&#8217;Olimpia, con [&hellip;]\" \/>\n<meta property=\"og:url\" content=\"https:\/\/www.olimpiamilano.com\/en\/olimpia-csr-euroleague\/basket-for-good\/\" \/>\n<meta property=\"og:site_name\" content=\"Pallacanestro Olimpia Milano\" \/>\n<meta property=\"article:modified_time\" content=\"2023-09-15T12:26:15+00:00\" \/>\n<meta property=\"og:image\" content=\"https:\/\/cdn-assets.olimpiamilano.com\/wp-content\/uploads\/2023\/09\/282_N1A3106-1-scaled.jpg\" \/>\n\t<meta property=\"og:image:width\" content=\"2560\" \/>\n\t<meta property=\"og:image:height\" content=\"1707\" \/>\n\t<meta property=\"og:image:type\" content=\"image\/jpeg\" \/>\n<meta name=\"twitter:card\" content=\"summary_large_image\" \/>\n<meta name=\"twitter:label1\" content=\"Est. reading time\" \/>\n\t<meta name=\"twitter:data1\" content=\"2 minutes\" \/>\n<script type=\"application\/ld+json\" class=\"yoast-schema-graph\">{\"@context\":\"https:\\\/\\\/schema.org\",\"@graph\":[{\"@type\":\"WebPage\",\"@id\":\"https:\\\/\\\/www.olimpiamilano.com\\\/en\\\/olimpia-csr-euroleague\\\/basket-for-good\\\/\",\"url\":\"https:\\\/\\\/www.olimpiamilano.com\\\/en\\\/olimpia-csr-euroleague\\\/basket-for-good\\\/\",\"name\":\"Basket for Good - Pallacanestro Olimpia Milano\",\"isPartOf\":{\"@id\":\"https:\\\/\\\/www.olimpiamilano.com\\\/#website\"},\"primaryImageOfPage\":{\"@id\":\"https:\\\/\\\/www.olimpiamilano.com\\\/en\\\/olimpia-csr-euroleague\\\/basket-for-good\\\/#primaryimage\"},\"image\":{\"@id\":\"https:\\\/\\\/www.olimpiamilano.com\\\/en\\\/olimpia-csr-euroleague\\\/basket-for-good\\\/#primaryimage\"},\"thumbnailUrl\":\"https:\\\/\\\/cdn-assets.olimpiamilano.com\\\/wp-content\\\/uploads\\\/2023\\\/09\\\/282_N1A3106-1-scaled.jpg\",\"datePublished\":\"2021-10-19T09:07:54+00:00\",\"dateModified\":\"2023-09-15T12:26:15+00:00\",\"breadcrumb\":{\"@id\":\"https:\\\/\\\/www.olimpiamilano.com\\\/en\\\/olimpia-csr-euroleague\\\/basket-for-good\\\/#breadcrumb\"},\"inLanguage\":\"en-US\",\"potentialAction\":[{\"@type\":\"ReadAction\",\"target\":[\"https:\\\/\\\/www.olimpiamilano.com\\\/en\\\/olimpia-csr-euroleague\\\/basket-for-good\\\/\"]}]},{\"@type\":\"ImageObject\",\"inLanguage\":\"en-US\",\"@id\":\"https:\\\/\\\/www.olimpiamilano.com\\\/en\\\/olimpia-csr-euroleague\\\/basket-for-good\\\/#primaryimage\",\"url\":\"https:\\\/\\\/cdn-assets.olimpiamilano.com\\\/wp-content\\\/uploads\\\/2023\\\/09\\\/282_N1A3106-1-scaled.jpg\",\"contentUrl\":\"https:\\\/\\\/cdn-assets.olimpiamilano.com\\\/wp-content\\\/uploads\\\/2023\\\/09\\\/282_N1A3106-1-scaled.jpg\",\"width\":2560,\"height\":1707,\"caption\":\"One Team Special Game Milano, 03\\\/03\\\/2023 Foto AlessiaDoniselli \\\/ Ciamillo-Castoria\"},{\"@type\":\"BreadcrumbList\",\"@id\":\"https:\\\/\\\/www.olimpiamilano.com\\\/en\\\/olimpia-csr-euroleague\\\/basket-for-good\\\/#breadcrumb\",\"itemListElement\":[{\"@type\":\"ListItem\",\"position\":1,\"name\":\"Home\",\"item\":\"https:\\\/\\\/www.olimpiamilano.com\\\/en\\\/\"},{\"@type\":\"ListItem\",\"position\":2,\"name\":\"One Team Project\",\"item\":\"https:\\\/\\\/www.olimpiamilano.com\\\/en\\\/olimpia-csr-euroleague\\\/\"},{\"@type\":\"ListItem\",\"position\":3,\"name\":\"Basket for Good\"}]},{\"@type\":\"WebSite\",\"@id\":\"https:\\\/\\\/www.olimpiamilano.com\\\/#website\",\"url\":\"https:\\\/\\\/www.olimpiamilano.com\\\/\",\"name\":\"Pallacanestro Olimpia Milano\",\"description\":\"\",\"potentialAction\":[{\"@type\":\"SearchAction\",\"target\":{\"@type\":\"EntryPoint\",\"urlTemplate\":\"https:\\\/\\\/www.olimpiamilano.com\\\/?s={search_term_string}\"},\"query-input\":{\"@type\":\"PropertyValueSpecification\",\"valueRequired\":true,\"valueName\":\"search_term_string\"}}],\"inLanguage\":\"en-US\"}]}<\/script>\n<!-- \/ Yoast SEO plugin. -->","yoast_head_json":{"title":"Basket for Good - Pallacanestro Olimpia Milano","description":"One Team Special Game Milano, 03\/03\/2023 Foto AlessiaDoniselli \/ Ciamillo-Castoria   L&#039;Olimpia anche nella stagione 2022\/23 ha collaborato con Laureus Sport for","robots":{"index":"index","follow":"follow","max-snippet":"max-snippet:-1","max-image-preview":"max-image-preview:large","max-video-preview":"max-video-preview:-1"},"canonical":"https:\/\/www.olimpiamilano.com\/en\/olimpia-csr-euroleague\/basket-for-good\/","og_locale":"en_US","og_type":"article","og_title":"Basket for Good - Pallacanestro Olimpia Milano","og_description":"L&#8217;Olimpia anche nella stagione 2022\/23 ha collaborato con Laureus Sport for Good Italia, organizzando sessioni di allenamento che hanno coinvolto pi\u00f9 di 100 ragazzi. Queste sessioni oltre a determinare un grande impatto sui partecipanti hanno ricevuto un imponente copertura mediatica con 22 contenuti realizzati per spiegare il progetto e le sue ramificazioni. Inoltre, l&#8217;Olimpia, con [&hellip;]","og_url":"https:\/\/www.olimpiamilano.com\/en\/olimpia-csr-euroleague\/basket-for-good\/","og_site_name":"Pallacanestro Olimpia Milano","article_modified_time":"2023-09-15T12:26:15+00:00","og_image":[{"width":2560,"height":1707,"url":"https:\/\/cdn-assets.olimpiamilano.com\/wp-content\/uploads\/2023\/09\/282_N1A3106-1-scaled.jpg","type":"image\/jpeg"}],"twitter_card":"summary_large_image","twitter_misc":{"Est. reading time":"2 minutes"},"schema":{"@context":"https:\/\/schema.org","@graph":[{"@type":"WebPage","@id":"https:\/\/www.olimpiamilano.com\/en\/olimpia-csr-euroleague\/basket-for-good\/","url":"https:\/\/www.olimpiamilano.com\/en\/olimpia-csr-euroleague\/basket-for-good\/","name":"Basket for Good - Pallacanestro Olimpia Milano","isPartOf":{"@id":"https:\/\/www.olimpiamilano.com\/#website"},"primaryImageOfPage":{"@id":"https:\/\/www.olimpiamilano.com\/en\/olimpia-csr-euroleague\/basket-for-good\/#primaryimage"},"image":{"@id":"https:\/\/www.olimpiamilano.com\/en\/olimpia-csr-euroleague\/basket-for-good\/#primaryimage"},"thumbnailUrl":"https:\/\/cdn-assets.olimpiamilano.com\/wp-content\/uploads\/2023\/09\/282_N1A3106-1-scaled.jpg","datePublished":"2021-10-19T09:07:54+00:00","dateModified":"2023-09-15T12:26:15+00:00","breadcrumb":{"@id":"https:\/\/www.olimpiamilano.com\/en\/olimpia-csr-euroleague\/basket-for-good\/#breadcrumb"},"inLanguage":"en-US","potentialAction":[{"@type":"ReadAction","target":["https:\/\/www.olimpiamilano.com\/en\/olimpia-csr-euroleague\/basket-for-good\/"]}]},{"@type":"ImageObject","inLanguage":"en-US","@id":"https:\/\/www.olimpiamilano.com\/en\/olimpia-csr-euroleague\/basket-for-good\/#primaryimage","url":"https:\/\/cdn-assets.olimpiamilano.com\/wp-content\/uploads\/2023\/09\/282_N1A3106-1-scaled.jpg","contentUrl":"https:\/\/cdn-assets.olimpiamilano.com\/wp-content\/uploads\/2023\/09\/282_N1A3106-1-scaled.jpg","width":2560,"height":1707,"caption":"One Team Special Game Milano, 03\/03\/2023 Foto AlessiaDoniselli \/ Ciamillo-Castoria"},{"@type":"BreadcrumbList","@id":"https:\/\/www.olimpiamilano.com\/en\/olimpia-csr-euroleague\/basket-for-good\/#breadcrumb","itemListElement":[{"@type":"ListItem","position":1,"name":"Home","item":"https:\/\/www.olimpiamilano.com\/en\/"},{"@type":"ListItem","position":2,"name":"One Team Project","item":"https:\/\/www.olimpiamilano.com\/en\/olimpia-csr-euroleague\/"},{"@type":"ListItem","position":3,"name":"Basket for Good"}]},{"@type":"WebSite","@id":"https:\/\/www.olimpiamilano.com\/#website","url":"https:\/\/www.olimpiamilano.com\/","name":"Pallacanestro Olimpia Milano","description":"","potentialAction":[{"@type":"SearchAction","target":{"@type":"EntryPoint","urlTemplate":"https:\/\/www.olimpiamilano.com\/?s={search_term_string}"},"query-input":{"@type":"PropertyValueSpecification","valueRequired":true,"valueName":"search_term_string"}}],"inLanguage":"en-US"}]}},"_links":{"self":[{"href":"https:\/\/www.olimpiamilano.com\/en\/wp-json\/wp\/v2\/pages\/32443","targetHints":{"allow":["GET"]}}],"collection":[{"href":"https:\/\/www.olimpiamilano.com\/en\/wp-json\/wp\/v2\/pages"}],"about":[{"href":"https:\/\/www.olimpiamilano.com\/en\/wp-json\/wp\/v2\/types\/page"}],"author":[{"embeddable":true,"href":"https:\/\/www.olimpiamilano.com\/en\/wp-json\/wp\/v2\/users\/1"}],"replies":[{"embeddable":true,"href":"https:\/\/www.olimpiamilano.com\/en\/wp-json\/wp\/v2\/comments?post=32443"}],"version-history":[{"count":5,"href":"https:\/\/www.olimpiamilano.com\/en\/wp-json\/wp\/v2\/pages\/32443\/revisions"}],"predecessor-version":[{"id":56105,"href":"https:\/\/www.olimpiamilano.com\/en\/wp-json\/wp\/v2\/pages\/32443\/revisions\/56105"}],"up":[{"embeddable":true,"href":"https:\/\/www.olimpiamilano.com\/en\/wp-json\/wp\/v2\/pages\/32445"}],"wp:featuredmedia":[{"embeddable":true,"href":"https:\/\/www.olimpiamilano.com\/en\/wp-json\/wp\/v2\/media\/55713"}],"wp:attachment":[{"href":"https:\/\/www.olimpiamilano.com\/en\/wp-json\/wp\/v2\/media?parent=32443"}],"curies":[{"name":"wp","href":"https:\/\/api.w.org\/{rel}","templated":true}]}}