{"id":32421,"date":"2021-10-29T04:55:29","date_gmt":"2021-10-29T08:55:29","guid":{"rendered":"https:\/\/web.demo.olimpia.iquii.info\/privacy-policy\/"},"modified":"2024-01-15T10:29:16","modified_gmt":"2024-01-15T09:29:16","slug":"privacy-policy","status":"publish","type":"page","link":"https:\/\/www.olimpiamilano.com\/en\/privacy-policy\/","title":{"rendered":"Privacy policy"},"content":{"rendered":"\n<p><strong>Informativa sul trattamento dei dati personali<\/strong><\/p>\n\n\n\n<p>La societ\u00e0 Pallacanestro Olimpia Milano s.s.r.l. (Olimpia Milano) in qualit\u00e0 di titolare del trattamento ti informa ai sensi dell\u2019art. 13 del Regolamento UE 2016\/679 sulla protezione dei dati personali (\u201cRegolamento\u201d) delle modalit\u00e0 e finalit\u00e0 per le quali tratta i tuoi dati personali.<\/p>\n\n\n\n<p><strong>Finalit\u00e0 e basi giuridiche del trattamento<\/strong><\/p>\n\n\n\n<p>Olimpia Milano tratta i tuoi dati personali secondo la base giuridica contrattuale\/precontrattuale o \u201cdi servizio\u201d per:<\/p>\n\n\n\n<ol class=\"wp-block-list\" type=\"1\">\n<li><strong>la registrazione al sito e\/o per lo svolgimento di un servizio richiesto<\/strong>: Olimpia Milano tratta i dati personali che tu fornisci per consentirti di registrarti al sito, creare un tuo account e sfruttare tutte le funzionalit\u00e0 del sito stesso. Per tali finalit\u00e0 Olimpia Milano tratta i tuoi dati quali nome, cognome e data di nascita; puoi scegliere di condividere con Olimpia Milano anche i seguenti dati: sesso, Paese e numero di telefono, che tuttavia non sono obbligatori per l\u2019erogazione dei predetti servizi. Per le finalit\u00e0 sopra indicate fornire i tuoi dati personali \u00e8 obbligatorio e un eventuale rifiuto ti impedirebbe di creare un suo account sul nostro sito o di usufruire del servizio richiesto;<\/li>\n\n\n\n<li><strong>gli adempimenti connessi al servizio di acquisto di abbonamenti e delle tessere del tifoso <em>red shoes card,<\/em> nonch\u00e9 per l\u2019invito ad eventi cestistici ed ogni relativa comunicazione di servizio<\/strong>. Per tali finalit\u00e0 Olimpia Milano tratta i tuoi dati quali nome e cognome, email, luogo e data di nascita, numero di telefono. Fornire i tuoi dati personali per la finalit\u00e0 su indicata \u00e8 obbligatorio ed un eventuale rifiuto ti impedirebbe di usufruire del servizio richiesto e di partecipare agli eventi cestistici di volta in volta organizzati.<\/li>\n<\/ol>\n\n\n\n<p>Olimpia Milano, inoltre, tratta i tuoi dati personali previo rilascio del tuo consenso per:<\/p>\n\n\n\n<ol class=\"wp-block-list\" type=\"1\">\n<li><strong>Finalit\u00e0 di marketing<\/strong>, vale a dire per inviarti via mail e attraverso i profili Social di Olimpia newsletter promozionali, comunicazioni commerciali o pubblicitarie sugli eventi e le iniziative di Olimpia Milano;<\/li>\n\n\n\n<li><strong>Finalit\u00e0 di profilazione<\/strong>, vale a dire che Olimpia Milano raccoglie informazioni relative alle tue preferenze, abitudini, stile di vita nonch\u00e9 il dettaglio degli acquisti effettuati per la creazione di profili di gruppo e individuali (\u201cprofilazione\u201d). Se avrai fornito sia il consenso alla ricezione delle comunicazioni di marketing che quello relativo all\u2019attivit\u00e0 di profilazione, potrai ricevere comunicazioni promozionali personalizzate attraverso l\u2019indirizzo email fornito e tramite i profili Social di Olimpia Milano;<\/li>\n\n\n\n<li><strong>Finalit\u00e0 di<\/strong><strong> invio di comunicazioni promozionali aventi ad oggetto la pubblicizzazione di prodotti, servizi, iniziative ed eventi offerti dai partner commerciali di Olimpia Milano<\/strong> (editoria, abbigliamento, comunicazione), effettuate tramite strumenti automatizzati.<\/li>\n<\/ol>\n\n\n\n<p>Puoi in qualsiasi momento indicare la modalit\u00e0 di contatto che preferisci tra quelle sopra riportate e puoi opporti al ricevimento di comunicazioni promozionali attraverso tutti o solo alcuni dei canali di comunicazione sopra indicati.<\/p>\n\n\n\n<p>Per le attivit\u00e0 di marketing e profilazione, Olimpia Milano utilizza dati quali titolo, nome e cognome, indirizzo email e data di nascita. Per le attivit\u00e0 di invio di comunicazioni promozionali aventi ad oggetto la pubblicizzazione di prodotti, servizi, iniziative ed eventi offerti dai partner commerciali di Olimpia Milano, Olimpia Milano utilizza l\u2019indirizzo email.<\/p>\n\n\n\n<p>Conferire i tuoi dati personali per le finalit\u00e0 di marketing, profilazione e invio di comunicazioni promozionali aventi ad oggetto la pubblicizzazione di prodotti, servizi, iniziative ed eventi offerti dai partner commerciali di Olimpia Milano , sopra indicate, \u00e8 facoltativo e un eventuale rifiuto non avr\u00e0 alcuna conseguenza sulla tua registrazione al sito web.<\/p>\n\n\n\n<p><strong>Modalit\u00e0 di trattamento<\/strong><\/p>\n\n\n\n<p>Olimpia Milano tratta i tuoi dati personali con e senza l\u2019ausilio di strumenti elettronici, in base a logiche e procedure coerenti con le finalit\u00e0 di seguito indicate e nel rispetto del Regolamento, compresi i profili di confidenzialit\u00e0 e sicurezza.<\/p>\n\n\n\n<p>I dati possono essere forniti al momento della registrazione al nostro sito web, forniti in occasione di interazione con le nostre iniziative digitali (siti internet, social media), o durante eventi organizzati da Olimpia Milano o cui Olimpia Milano partecipa.<\/p>\n\n\n\n<p>Nel rispetto del Regolamento, i dati personali che ti riguardano di volta in volta acquisiti da te ovvero da terzi autorizzati sono usati per aggiornare e correggere le informazioni raccolte in precedenza.<\/p>\n\n\n\n<p><strong>Comunicazione dei tuoi dati personali a terzi<\/strong><\/p>\n\n\n\n<p>I dati personali sono accessibili al nostro personale debitamente autorizzato in base a criteri di necessit\u00e0 e sono comunicati a terzi nei seguenti casi:<\/p>\n\n\n\n<p>(i)&nbsp; quando la comunicazione \u00e8 richiesta da leggi e regolamenti applicabili rispetto a terzi legittimi destinatari di comunicazioni, quali autorit\u00e0 ed enti pubblici per i rispettivi fini istituzionali;<\/p>\n\n\n\n<p>(ii) comunicazione a terzi in caso di operazioni straordinarie (es. fusioni, acquisizioni, cessione di azienda, etc.).<\/p>\n\n\n\n<p>I tuoi dati personali sono inoltre condivisi con i nostri fornitori di servizi, ad es. per servizi di natura tecnica e organizzativa che sono funzionali alle finalit\u00e0 sopra indicate quali collaboratori autonomi, anche in forma associata \u2013 ad es. per le spedizioni, la gestione di pagamenti, societ\u00e0 specializzate in ricerche di mercato e nell\u2019elaborazione dati, societ\u00e0 pubblicitarie, etc. Forniamo a tali soggetti solo i dati necessari per eseguire i servizi concordati e gli stessi agiscono quali Responsabili del trattamento, sulla base delle istruzioni ricevute da Olimpia Milano.<\/p>\n\n\n\n<p>Olimpia Milano non cede\/comunica i tuoi dati a terzi affinch\u00e9 questi possano utilizzarli per finalit\u00e0 proprie di marketing o profilazione.<\/p>\n\n\n\n<p><strong>Trasferimenti di dati personali al di fuori dell\u2019Unione Europea<\/strong><\/p>\n\n\n\n<p>Alcuni dei soggetti sopra indicati possono essere stabiliti anche fuori dell\u2019Unione Europea, in paesi che non garantiscono un adeguato livello di protezione ai dati personali secondo gli standard stabiliti dal Regolamento. Olimpia Milano adotta le necessarie cautele per un legittimo trasferimento dei dati (ad es. attraverso l\u2019implementazione delle Clausole Contrattuali Standard approvate dalla Commissione Europea e la compilazione della valutazione di impatto sul trasferimento dei dati). Puoi chiedere informazioni sul trasferimento all\u2019estero dei tuoi dati personal in qualsiasi momento contattando Olimpia Milano ovvero il Responsabile della protezione dei dati di Giorgio Armani S.p.A. ai recapiti di seguito indicati.<\/p>\n\n\n\n<p><strong>Conservazione dei dati personali<\/strong><\/p>\n\n\n\n<p>I dati personali trattati per la registrazione al nostro sito web e per rispondere ad una tua specifica richiesta sono conservati per il tempo necessario all\u2019esecuzione del servizio richiesto.<\/p>\n\n\n\n<p>Per finalit\u00e0 di marketing e profilazione i dati sono conservati per il tempo strettamente necessario al perseguimento di dette finalit\u00e0, nei limiti consentiti dal Regolamento. In particolare, i dati sono conservati per 12 mesi per finalit\u00e0 di profilazione e per 24 mesi per finalit\u00e0 di marketing a partire dall\u2019acquisto. Puoi in qualsiasi momento richiedere la cancellazione dei dati per tali finalit\u00e0 ed opporti al trattamento dei dati per finalit\u00e0 di marketing.<\/p>\n\n\n\n<p><strong>Titolare del trattamento e Responsabile della protezione dei dati<\/strong><\/p>\n\n\n\n<p>Titolare del trattamento \u00e8 Pallacanestro Olimpia Milano S.s.r.l., con sede in via Borgonuovo 11, 20121 Milano, e-mail:&nbsp;<a href=\"mailto:privacy@olimpiamilano.com\">privacy@olimpiamilano.com<\/a>. Il Responsabile della Protezione dei dati, Responsabile del dipartimento Data Protection, Roedl&amp;Partner, Largo Donegani 2, Milano, pu\u00f2 essere contattato al seguente indirizzo:&nbsp;<a href=\"mailto:dpo@giorgioarmani.it\">dpo@giorgioarmani.it<\/a>.<\/p>\n\n\n\n<p><strong>I tuoi diritti<\/strong><\/p>\n\n\n\n<p>Puoi rivolgerti ad Olimpia Milano in qualit\u00e0 di Titolare del trattamento ovvero al Responsabile della protezione dei dati ai recapiti sopra indicati per avere l\u2019elenco aggiornato dei nostri responsabili del trattamento (vale a dire i nostri fornitori di servizi), dei soggetti a cui sono comunicati i dati e per esercitare in qualsiasi momento i seguenti diritti di cui agli art. 15 ss. del Regolamento; ottenere conferma dell\u2019esistenza o meno dei tuoi dati, verificarne contenuto, origine, esattezza, chiederne integrazione, aggiornamento, rettificazione, cancellazione, anonimizzazione, chiedere la portabilit\u00e0 dei dati, la limitazione del trattamento, l\u2019opposizione al trattamento per motivi legittimi, ad es. opposizione ad attivit\u00e0 di marketing e alla profilazione, presentare un\u2019istanza all\u2019Autorit\u00e0 di Controllo (il Garante per la Protezione dei Dati Personali).<\/p>\n","protected":false},"excerpt":{"rendered":"<p>Informativa sul trattamento dei dati personali La societ\u00e0 Pallacanestro Olimpia Milano s.s.r.l. (Olimpia Milano) in qualit\u00e0 di titolare del trattamento ti informa ai sensi dell\u2019art. 13 del Regolamento UE 2016\/679 sulla protezione dei dati personali (\u201cRegolamento\u201d) delle modalit\u00e0 e finalit\u00e0 per le quali tratta i tuoi dati personali. Finalit\u00e0 e basi giuridiche del trattamento Olimpia [&hellip;]<\/p>\n","protected":false},"author":1,"featured_media":30206,"parent":0,"menu_order":45,"comment_status":"closed","ping_status":"closed","template":"template-policy.php","meta":{"footnotes":""},"class_list":["post-32421","page","type-page","status-publish","has-post-thumbnail","hentry"],"acf":[],"yoast_head":"<!-- This site is optimized with the Yoast SEO plugin v27.4 - https:\/\/yoast.com\/product\/yoast-seo-wordpress\/ -->\n<title>Privacy policy - Pallacanestro Olimpia Milano<\/title>\n<meta name=\"description\" content=\"Informativa sul trattamento dei dati personali   La societ\u00e0 Pallacanestro Olimpia Milano s.s.r.l.\" \/>\n<meta name=\"robots\" content=\"index, follow, max-snippet:-1, max-image-preview:large, max-video-preview:-1\" \/>\n<link rel=\"canonical\" href=\"https:\/\/www.olimpiamilano.com\/en\/privacy-policy\/\" \/>\n<meta property=\"og:locale\" content=\"en_US\" \/>\n<meta property=\"og:type\" content=\"article\" \/>\n<meta property=\"og:title\" content=\"Privacy policy - Pallacanestro Olimpia Milano\" \/>\n<meta property=\"og:description\" content=\"Informativa sul trattamento dei dati personali La societ\u00e0 Pallacanestro Olimpia Milano s.s.r.l. (Olimpia Milano) in qualit\u00e0 di titolare del trattamento ti informa ai sensi dell\u2019art. 13 del Regolamento UE 2016\/679 sulla protezione dei dati personali (\u201cRegolamento\u201d) delle modalit\u00e0 e finalit\u00e0 per le quali tratta i tuoi dati personali. Finalit\u00e0 e basi giuridiche del trattamento Olimpia [&hellip;]\" \/>\n<meta property=\"og:url\" content=\"https:\/\/www.olimpiamilano.com\/en\/privacy-policy\/\" \/>\n<meta property=\"og:site_name\" content=\"Pallacanestro Olimpia Milano\" \/>\n<meta property=\"article:modified_time\" content=\"2024-01-15T09:29:16+00:00\" \/>\n<meta property=\"og:image\" content=\"https:\/\/cdn-assets.olimpiamilano.com\/wp-content\/uploads\/2021\/10\/Logo-3.png\" \/>\n\t<meta property=\"og:image:width\" content=\"874\" \/>\n\t<meta property=\"og:image:height\" content=\"877\" \/>\n\t<meta property=\"og:image:type\" content=\"image\/png\" \/>\n<meta name=\"twitter:card\" content=\"summary_large_image\" \/>\n<meta name=\"twitter:label1\" content=\"Est. reading time\" \/>\n\t<meta name=\"twitter:data1\" content=\"6 minutes\" \/>\n<script type=\"application\/ld+json\" class=\"yoast-schema-graph\">{\"@context\":\"https:\\\/\\\/schema.org\",\"@graph\":[{\"@type\":\"WebPage\",\"@id\":\"https:\\\/\\\/www.olimpiamilano.com\\\/en\\\/privacy-policy\\\/\",\"url\":\"https:\\\/\\\/www.olimpiamilano.com\\\/en\\\/privacy-policy\\\/\",\"name\":\"Privacy policy - Pallacanestro Olimpia Milano\",\"isPartOf\":{\"@id\":\"https:\\\/\\\/www.olimpiamilano.com\\\/#website\"},\"primaryImageOfPage\":{\"@id\":\"https:\\\/\\\/www.olimpiamilano.com\\\/en\\\/privacy-policy\\\/#primaryimage\"},\"image\":{\"@id\":\"https:\\\/\\\/www.olimpiamilano.com\\\/en\\\/privacy-policy\\\/#primaryimage\"},\"thumbnailUrl\":\"https:\\\/\\\/cdn-assets.olimpiamilano.com\\\/wp-content\\\/uploads\\\/2021\\\/10\\\/Logo-3.png\",\"datePublished\":\"2021-10-29T08:55:29+00:00\",\"dateModified\":\"2024-01-15T09:29:16+00:00\",\"breadcrumb\":{\"@id\":\"https:\\\/\\\/www.olimpiamilano.com\\\/en\\\/privacy-policy\\\/#breadcrumb\"},\"inLanguage\":\"en-US\",\"potentialAction\":[{\"@type\":\"ReadAction\",\"target\":[\"https:\\\/\\\/www.olimpiamilano.com\\\/en\\\/privacy-policy\\\/\"]}]},{\"@type\":\"ImageObject\",\"inLanguage\":\"en-US\",\"@id\":\"https:\\\/\\\/www.olimpiamilano.com\\\/en\\\/privacy-policy\\\/#primaryimage\",\"url\":\"https:\\\/\\\/cdn-assets.olimpiamilano.com\\\/wp-content\\\/uploads\\\/2021\\\/10\\\/Logo-3.png\",\"contentUrl\":\"https:\\\/\\\/cdn-assets.olimpiamilano.com\\\/wp-content\\\/uploads\\\/2021\\\/10\\\/Logo-3.png\",\"width\":874,\"height\":877},{\"@type\":\"BreadcrumbList\",\"@id\":\"https:\\\/\\\/www.olimpiamilano.com\\\/en\\\/privacy-policy\\\/#breadcrumb\",\"itemListElement\":[{\"@type\":\"ListItem\",\"position\":1,\"name\":\"Home\",\"item\":\"https:\\\/\\\/www.olimpiamilano.com\\\/en\\\/\"},{\"@type\":\"ListItem\",\"position\":2,\"name\":\"Privacy policy\"}]},{\"@type\":\"WebSite\",\"@id\":\"https:\\\/\\\/www.olimpiamilano.com\\\/#website\",\"url\":\"https:\\\/\\\/www.olimpiamilano.com\\\/\",\"name\":\"Pallacanestro Olimpia Milano\",\"description\":\"\",\"potentialAction\":[{\"@type\":\"SearchAction\",\"target\":{\"@type\":\"EntryPoint\",\"urlTemplate\":\"https:\\\/\\\/www.olimpiamilano.com\\\/?s={search_term_string}\"},\"query-input\":{\"@type\":\"PropertyValueSpecification\",\"valueRequired\":true,\"valueName\":\"search_term_string\"}}],\"inLanguage\":\"en-US\"}]}<\/script>\n<!-- \/ Yoast SEO plugin. -->","yoast_head_json":{"title":"Privacy policy - Pallacanestro Olimpia Milano","description":"Informativa sul trattamento dei dati personali   La societ\u00e0 Pallacanestro Olimpia Milano s.s.r.l.","robots":{"index":"index","follow":"follow","max-snippet":"max-snippet:-1","max-image-preview":"max-image-preview:large","max-video-preview":"max-video-preview:-1"},"canonical":"https:\/\/www.olimpiamilano.com\/en\/privacy-policy\/","og_locale":"en_US","og_type":"article","og_title":"Privacy policy - Pallacanestro Olimpia Milano","og_description":"Informativa sul trattamento dei dati personali La societ\u00e0 Pallacanestro Olimpia Milano s.s.r.l. (Olimpia Milano) in qualit\u00e0 di titolare del trattamento ti informa ai sensi dell\u2019art. 13 del Regolamento UE 2016\/679 sulla protezione dei dati personali (\u201cRegolamento\u201d) delle modalit\u00e0 e finalit\u00e0 per le quali tratta i tuoi dati personali. Finalit\u00e0 e basi giuridiche del trattamento Olimpia [&hellip;]","og_url":"https:\/\/www.olimpiamilano.com\/en\/privacy-policy\/","og_site_name":"Pallacanestro Olimpia Milano","article_modified_time":"2024-01-15T09:29:16+00:00","og_image":[{"width":874,"height":877,"url":"https:\/\/cdn-assets.olimpiamilano.com\/wp-content\/uploads\/2021\/10\/Logo-3.png","type":"image\/png"}],"twitter_card":"summary_large_image","twitter_misc":{"Est. reading time":"6 minutes"},"schema":{"@context":"https:\/\/schema.org","@graph":[{"@type":"WebPage","@id":"https:\/\/www.olimpiamilano.com\/en\/privacy-policy\/","url":"https:\/\/www.olimpiamilano.com\/en\/privacy-policy\/","name":"Privacy policy - Pallacanestro Olimpia Milano","isPartOf":{"@id":"https:\/\/www.olimpiamilano.com\/#website"},"primaryImageOfPage":{"@id":"https:\/\/www.olimpiamilano.com\/en\/privacy-policy\/#primaryimage"},"image":{"@id":"https:\/\/www.olimpiamilano.com\/en\/privacy-policy\/#primaryimage"},"thumbnailUrl":"https:\/\/cdn-assets.olimpiamilano.com\/wp-content\/uploads\/2021\/10\/Logo-3.png","datePublished":"2021-10-29T08:55:29+00:00","dateModified":"2024-01-15T09:29:16+00:00","breadcrumb":{"@id":"https:\/\/www.olimpiamilano.com\/en\/privacy-policy\/#breadcrumb"},"inLanguage":"en-US","potentialAction":[{"@type":"ReadAction","target":["https:\/\/www.olimpiamilano.com\/en\/privacy-policy\/"]}]},{"@type":"ImageObject","inLanguage":"en-US","@id":"https:\/\/www.olimpiamilano.com\/en\/privacy-policy\/#primaryimage","url":"https:\/\/cdn-assets.olimpiamilano.com\/wp-content\/uploads\/2021\/10\/Logo-3.png","contentUrl":"https:\/\/cdn-assets.olimpiamilano.com\/wp-content\/uploads\/2021\/10\/Logo-3.png","width":874,"height":877},{"@type":"BreadcrumbList","@id":"https:\/\/www.olimpiamilano.com\/en\/privacy-policy\/#breadcrumb","itemListElement":[{"@type":"ListItem","position":1,"name":"Home","item":"https:\/\/www.olimpiamilano.com\/en\/"},{"@type":"ListItem","position":2,"name":"Privacy policy"}]},{"@type":"WebSite","@id":"https:\/\/www.olimpiamilano.com\/#website","url":"https:\/\/www.olimpiamilano.com\/","name":"Pallacanestro Olimpia Milano","description":"","potentialAction":[{"@type":"SearchAction","target":{"@type":"EntryPoint","urlTemplate":"https:\/\/www.olimpiamilano.com\/?s={search_term_string}"},"query-input":{"@type":"PropertyValueSpecification","valueRequired":true,"valueName":"search_term_string"}}],"inLanguage":"en-US"}]}},"_links":{"self":[{"href":"https:\/\/www.olimpiamilano.com\/en\/wp-json\/wp\/v2\/pages\/32421","targetHints":{"allow":["GET"]}}],"collection":[{"href":"https:\/\/www.olimpiamilano.com\/en\/wp-json\/wp\/v2\/pages"}],"about":[{"href":"https:\/\/www.olimpiamilano.com\/en\/wp-json\/wp\/v2\/types\/page"}],"author":[{"embeddable":true,"href":"https:\/\/www.olimpiamilano.com\/en\/wp-json\/wp\/v2\/users\/1"}],"replies":[{"embeddable":true,"href":"https:\/\/www.olimpiamilano.com\/en\/wp-json\/wp\/v2\/comments?post=32421"}],"version-history":[{"count":5,"href":"https:\/\/www.olimpiamilano.com\/en\/wp-json\/wp\/v2\/pages\/32421\/revisions"}],"predecessor-version":[{"id":68294,"href":"https:\/\/www.olimpiamilano.com\/en\/wp-json\/wp\/v2\/pages\/32421\/revisions\/68294"}],"wp:featuredmedia":[{"embeddable":true,"href":"https:\/\/www.olimpiamilano.com\/en\/wp-json\/wp\/v2\/media\/30206"}],"wp:attachment":[{"href":"https:\/\/www.olimpiamilano.com\/en\/wp-json\/wp\/v2\/media?parent=32421"}],"curies":[{"name":"wp","href":"https:\/\/api.w.org\/{rel}","templated":true}]}}